{"id":305,"date":"2023-12-21T00:42:54","date_gmt":"2023-12-21T00:42:54","guid":{"rendered":"https:\/\/acaregvianadocastelo.escutismo.pt\/?page_id=305"},"modified":"2024-05-21T01:26:55","modified_gmt":"2024-05-21T01:26:55","slug":"inscricoes","status":"publish","type":"page","link":"https:\/\/acaregvianadocastelo.escutismo.pt\/index.php\/inscricoes\/","title":{"rendered":"Inscri\u00e7\u00f5es"},"content":{"rendered":"\n<div class=\"wp-block-cover alignfull is-light has-custom-content-position is-position-bottom-center\" style=\"min-height:20vw;aspect-ratio:unset;\"><span aria-hidden=\"true\" class=\"wp-block-cover__background has-contrast-background-color has-background-dim-0 has-background-dim\"><\/span><img loading=\"lazy\" decoding=\"async\" width=\"2560\" height=\"1229\" class=\"wp-block-cover__image-background wp-image-62\" alt=\"\" src=\"https:\/\/acaregvianadocastelo.escutismo.pt\/wp-content\/uploads\/2023\/11\/Banner-Site-Acareg-2024compressed2-scaled.jpg\" style=\"object-position:51% 32%\" data-object-fit=\"cover\" data-object-position=\"51% 32%\" srcset=\"https:\/\/acaregvianadocastelo.escutismo.pt\/wp-content\/uploads\/2023\/11\/Banner-Site-Acareg-2024compressed2-scaled.jpg 2560w, https:\/\/acaregvianadocastelo.escutismo.pt\/wp-content\/uploads\/2023\/11\/Banner-Site-Acareg-2024compressed2-300x144.jpg 300w, https:\/\/acaregvianadocastelo.escutismo.pt\/wp-content\/uploads\/2023\/11\/Banner-Site-Acareg-2024compressed2-1024x492.jpg 1024w, https:\/\/acaregvianadocastelo.escutismo.pt\/wp-content\/uploads\/2023\/11\/Banner-Site-Acareg-2024compressed2-768x369.jpg 768w, https:\/\/acaregvianadocastelo.escutismo.pt\/wp-content\/uploads\/2023\/11\/Banner-Site-Acareg-2024compressed2-1536x737.jpg 1536w, https:\/\/acaregvianadocastelo.escutismo.pt\/wp-content\/uploads\/2023\/11\/Banner-Site-Acareg-2024compressed2-2048x983.jpg 2048w\" sizes=\"auto, (max-width: 2560px) 100vw, 2560px\" \/><div class=\"wp-block-cover__inner-container has-global-padding is-layout-constrained wp-container-core-cover-is-layout-c8431ee3 wp-block-cover-is-layout-constrained\">\n<p class=\"has-text-align-center has-large-font-size\"><\/p>\n<\/div><\/div>\n\n\n\n<div class=\"wp-block-group has-global-padding is-layout-constrained wp-container-core-group-is-layout-4f9f0532 wp-block-group-is-layout-constrained\">\n<h2 class=\"wp-block-heading has-text-align-center has-x-large-font-size\"><strong>Como fazer as inscri\u00e7\u00f5es<\/strong><\/h2>\n\n\n\n<h3 class=\"wp-block-heading has-large-font-size\"><strong>Para as Sec\u00e7\u00f5es<\/strong><\/h3>\n\n\n<style type=\"text\/css\">.helpie-faq.accordions.groupSettings-19__enabled .accordion .accordion__item .accordion__header .accordion__title{color: #000000 !important;}<\/style><section id='' class='helpie-faq accordions faq-toggle custom-styles open-first groupSettings-19__enabled ' data-collection='' data-pagination='0' data-search='0' data-pagination-enabled='0'><h3 class=\"collection-title\">Fases das inscri\u00e7\u00f5es para as sec\u00e7\u00f5es<\/h3><article class=\"accordion \"><div class='helpie-faq-row'><div class='helpie-faq-col helpie-faq-col-12' ><ul><li class=\"accordion__item \"><div class=\"accordion__header \" data-id=\"post-308\" data-item=\"hfaq-post-308\" style=\"background:transparent;\" data-tags=\"\"><div class=\"accordion__title\">3\u00aa Fase<\/div><\/div><div class=\"accordion__body\" style=\"background:transparent;\"><p><strong>Para todos os que se inscrevam entre 1 de maio e 30 de junho, o valor de inscri\u00e7\u00e3o ser\u00e1 de 100\u20ac.<\/strong><\/p>\n<p>O valor total de inscri\u00e7\u00e3o (100\u20ac) ser\u00e1 paga at\u00e9 30 de junho. Este pagamento ser\u00e1 solicitados pela Secretaria Financeira ap\u00f3s emiss\u00e3o da nota de d\u00e9bito.<\/p>\n<p>Neste fase todos os agrupamentos ter\u00e3o de fazer inscri\u00e7\u00f5es definitivas de todos os elementos, anexando os elementos aos respetivos Bandos\/ Patrulhas \/ Equipas \/ Tribos. Para o fazer de forma a n\u00e3o haver erros, confira o tutorial abaixo descrito.<\/p>\n<\/div><\/li><\/ul><\/div><\/div><\/article><\/section>\n\n\n\n<p><strong>As inscri\u00e7\u00f5es decorrer\u00e3o exclusivamente atrav\u00e9s da plataforma SIIE. \u00c9 fundamental seguir as instru\u00e7\u00f5es para que todos os dados sejam validados.<\/strong><\/p>\n\n\n\n<p><strong>Por Agrupamento<\/strong>, \u00e9 obrigat\u00f3ria a inscri\u00e7\u00e3o de dirigentes (no m\u00ednimo) ao equivalente no n\u00famero de Bandos, Patrulhas, Equipas e Tribos.<\/p>\n\n\n\n<p>Nas inscri\u00e7\u00f5es dos Bandos, Patrulhas, Equipas e Tribos <strong>n\u00e3o ser\u00e1 necess\u00e1rio colocar nenhum dirigente respons\u00e1vel<\/strong>. Esse cruzamento ser\u00e1 feito posteriormente de forma manual de forma a verificar se o n\u00famero de dirigentes inscritos est\u00e1 dentro das regras.<\/p>\n\n\n\n<div style=\"height:25px\" aria-hidden=\"true\" class=\"wp-block-spacer\"><\/div>\n<\/div>\n\n\n\n<div class=\"wp-block-group has-global-padding is-layout-constrained wp-container-core-group-is-layout-f1799528 wp-block-group-is-layout-constrained\">\n<div data-wp-interactive=\"core\/file\" class=\"wp-block-file\"><object data-wp-bind--hidden=\"!state.hasPdfPreview\" hidden class=\"wp-block-file__embed\" data=\"https:\/\/acaregvianadocastelo.escutismo.pt\/wp-content\/uploads\/2024\/05\/SIIE-Tutorial-Inscricoes-Elementos-3a-Fase.pdf\" type=\"application\/pdf\" style=\"width:100%;height:600px\" aria-label=\"Embed of Tutorial para a 3\u00aa Fase de Inscri\u00e7\u00f5es dos Elementos .\"><\/object><a id=\"wp-block-file--media-3f4d5cbe-cda9-47e9-9714-09dc34c8d878\" href=\"https:\/\/acaregvianadocastelo.escutismo.pt\/wp-content\/uploads\/2024\/05\/SIIE-Tutorial-Inscricoes-Elementos-3a-Fase.pdf\" target=\"_blank\" rel=\"noreferrer noopener\">Tutorial para a 3\u00aa Fase de Inscri\u00e7\u00f5es dos Elementos <\/a><\/div>\n\n\n\n<div class=\"wp-block-buttons alignfull has-custom-font-size is-content-justification-center is-layout-flex wp-container-core-buttons-is-layout-a89b3969 wp-block-buttons-is-layout-flex\" style=\"font-size:clamp(0.984rem, 0.984rem + ((1vw - 0.2rem) * 0.938), 1.5rem);\">\n<div class=\"wp-block-button\"><a class=\"wp-block-button__link has-base-color has-text-color has-background has-link-color has-text-align-center wp-element-button\" href=\"https:\/\/siie.escutismo.pt\" style=\"background-color:#74a84a\" target=\"_blank\" rel=\"noreferrer noopener\"><strong>ACEDER AO SIIE<\/strong><\/a><\/div>\n<\/div>\n\n\n\n<div style=\"height:25px\" aria-hidden=\"true\" class=\"wp-block-spacer\"><\/div>\n\n\n\n<p class=\"has-text-align-center has-large-font-size\">Custos de Participa\u00e7\u00e3o para as Sec\u00e7\u00f5es <strong>de todas as<\/strong> <strong>Regi\u00f5es Escutistas<\/strong><\/p>\n\n\n\n<div class=\"wp-block-group has-global-padding is-layout-constrained wp-block-group-is-layout-constrained\">\n<div class=\"wp-block-columns are-vertically-aligned-top is-layout-flex wp-container-core-columns-is-layout-28f84493 wp-block-columns-is-layout-flex\">\n<div class=\"wp-block-column is-vertically-aligned-top is-layout-flow wp-block-column-is-layout-flow\">\n<p class=\"has-text-align-center\"><strong>1\u00aa Fase de Inscri\u00e7\u00e3o<\/strong><\/p>\n\n\n\n<p class=\"has-text-align-center\">(at\u00e9 31 de janeiro de 2024)<\/p>\n\n\n\n<p class=\"has-text-align-center has-large-font-size\">80\u20ac<\/p>\n<\/div>\n\n\n\n<div class=\"wp-block-column is-vertically-aligned-top is-layout-flow wp-block-column-is-layout-flow\">\n<p class=\"has-text-align-center\"><strong>2\u00aa Fase de Inscri\u00e7\u00e3o<\/strong><\/p>\n\n\n\n<p class=\"has-text-align-center\">(de 1 de fevereiro a 30 de abril de 2024)<\/p>\n\n\n\n<p class=\"has-text-align-center has-large-font-size\">90\u20ac<\/p>\n<\/div>\n\n\n\n<div class=\"wp-block-column is-vertically-aligned-top is-layout-flow wp-block-column-is-layout-flow\">\n<p class=\"has-text-align-center\"><strong>3\u00aa Fase de Inscri\u00e7\u00e3o<\/strong><\/p>\n\n\n\n<p class=\"has-text-align-center\">(de 1 de maio a 30 de junho de 2024)<\/p>\n\n\n\n<p class=\"has-text-align-center has-large-font-size\">100\u20ac<\/p>\n<\/div>\n<\/div>\n<\/div>\n\n\n\n<div style=\"height:25px\" aria-hidden=\"true\" class=\"wp-block-spacer\"><\/div>\n\n\n\n<h3 class=\"wp-block-heading has-large-font-size\"><strong>Para os Dirigentes e Candidatos a Dirigente<\/strong><\/h3>\n\n\n\n<p>Os Dirigentes e Candidatos a Dirigente que pretendam participar, inseridos nas v\u00e1rias Equipas de Atividades do ACAREG, <strong>estar\u00e3o comprometidos e dispon\u00edveis para trabalhar antes (3 dias \u00fateis), durante e ap\u00f3s (3 dias \u00fateis) o ACAREG<\/strong>. As inscri\u00e7\u00f5es devem ser efetuadas atrav\u00e9s do SIIE, conforme as instru\u00e7\u00f5es presentes nesta p\u00e1gina, sendo posteriormente convocados pelas Chefias de Campo.<\/p>\n\n\n\n<p><strong>Todos os Dirigentes fazem a sua inscri\u00e7\u00e3o de forma individual no SIIE.<\/strong><\/p>\n\n\n\n<div data-wp-interactive=\"core\/file\" class=\"wp-block-file\"><object data-wp-bind--hidden=\"!state.hasPdfPreview\" hidden class=\"wp-block-file__embed\" data=\"https:\/\/acaregvianadocastelo.escutismo.pt\/wp-content\/uploads\/2023\/12\/SIIE-Tutorial-inscricoes-Dirigentes-2024.pdf\" type=\"application\/pdf\" style=\"width:100%;height:600px\" aria-label=\"Embed of Tutorial de Inscri\u00e7\u00f5es para os Dirigentes e Candidatos a Dirigente.\"><\/object><a id=\"wp-block-file--media-93ea303d-1455-47df-947e-90c0dab06ea7\" href=\"https:\/\/acaregvianadocastelo.escutismo.pt\/wp-content\/uploads\/2023\/12\/SIIE-Tutorial-inscricoes-Dirigentes-2024.pdf\" target=\"_blank\" rel=\"noreferrer noopener\">Tutorial de Inscri\u00e7\u00f5es para os Dirigentes e Candidatos a Dirigente<\/a><\/div>\n\n\n\n<p>Dever\u00e3o escolher a \u00c1rea\/Sector\/Servi\u00e7o onde est\u00e3o inseridos ou pretendem ser inseridos (por exemplo, acompanhamento de Bandos; Chefias de Campo; Atividades Gerais; Abastecimentos; Seguran\u00e7a\u2026)<\/p>\n\n\n\n<p class=\"has-text-align-center\" style=\"font-size:clamp(0.875rem, 0.875rem + ((1vw - 0.2rem) * 0.773), 1.3rem);\"><strong>As inscri\u00e7\u00f5es decorrem at\u00e9 30 de junho e o custo de participa\u00e7\u00e3o ser\u00e1 de 80\u20ac<\/strong>. Este pagamento ser\u00e1 solicitado pela Secretaria Financeira ap\u00f3s emiss\u00e3o da nota de d\u00e9bito.<\/p>\n\n\n\n<div class=\"wp-block-buttons alignfull has-custom-font-size is-content-justification-center is-layout-flex wp-container-core-buttons-is-layout-a89b3969 wp-block-buttons-is-layout-flex\" style=\"font-size:clamp(0.984rem, 0.984rem + ((1vw - 0.2rem) * 0.938), 1.5rem);\">\n<div class=\"wp-block-button\"><a class=\"wp-block-button__link has-base-color has-text-color has-background has-link-color has-text-align-center wp-element-button\" href=\"https:\/\/siie.escutismo.pt\" style=\"background-color:#74a84a\" target=\"_blank\" rel=\"noreferrer noopener\"><strong>ACEDER AO SIIE<\/strong><\/a><\/div>\n<\/div>\n\n\n\n<div style=\"height:25px\" aria-hidden=\"true\" class=\"wp-block-spacer\"><\/div>\n<\/div>\n\n\n\n<div class=\"wp-block-group has-global-padding is-layout-constrained wp-container-core-group-is-layout-4f9f0532 wp-block-group-is-layout-constrained\">\n<p class=\"has-text-align-center\" style=\"font-size:clamp(0.984rem, 0.984rem + ((1vw - 0.2rem) * 0.938), 1.5rem);\"><strong>Os pagamentos desta atividade apenas dever\u00e3o ser transferidos ap\u00f3s indica\u00e7\u00e3o do Secret\u00e1rio Regional Financeiro.<\/strong><\/p>\n\n\n\n<div class=\"wp-block-buttons has-custom-font-size is-horizontal is-content-justification-center is-layout-flex wp-container-core-buttons-is-layout-ecd33c62 wp-block-buttons-is-layout-flex\" style=\"font-size:clamp(0.984rem, 0.984rem + ((1vw - 0.2rem) * 0.938), 1.5rem);\">\n<div class=\"wp-block-button is-style-fill\"><a class=\"wp-block-button__link has-base-color has-text-color has-background has-link-color has-text-align-center wp-element-button\" href=\"mailto:financeiro.vianadocastelo@escutismo.pt\" style=\"background-color:#74a84a\" target=\"_blank\" rel=\"noreferrer noopener\"><strong>MAIS INFORMA\u00c7\u00d5ES<\/strong><\/a><\/div>\n<\/div>\n<\/div>\n","protected":false},"excerpt":{"rendered":"<p>Como fazer as inscri\u00e7\u00f5es Para as Sec\u00e7\u00f5es As inscri\u00e7\u00f5es decorrer\u00e3o exclusivamente atrav\u00e9s da plataforma SIIE. \u00c9 fundamental seguir as instru\u00e7\u00f5es para que todos os dados sejam validados. Por Agrupamento, \u00e9 obrigat\u00f3ria a inscri\u00e7\u00e3o de dirigentes (no m\u00ednimo) ao equivalente no n\u00famero de Bandos, Patrulhas, Equipas e Tribos. Nas inscri\u00e7\u00f5es dos Bandos, Patrulhas, Equipas e Tribos [&hellip;]<\/p>\n","protected":false},"author":4,"featured_media":0,"parent":0,"menu_order":0,"comment_status":"closed","ping_status":"closed","template":"regular-page","meta":{"footnotes":""},"class_list":["post-305","page","type-page","status-publish","hentry"],"jetpack_sharing_enabled":true,"jetpack_likes_enabled":false,"_links":{"self":[{"href":"https:\/\/acaregvianadocastelo.escutismo.pt\/index.php\/wp-json\/wp\/v2\/pages\/305","targetHints":{"allow":["GET"]}}],"collection":[{"href":"https:\/\/acaregvianadocastelo.escutismo.pt\/index.php\/wp-json\/wp\/v2\/pages"}],"about":[{"href":"https:\/\/acaregvianadocastelo.escutismo.pt\/index.php\/wp-json\/wp\/v2\/types\/page"}],"author":[{"embeddable":true,"href":"https:\/\/acaregvianadocastelo.escutismo.pt\/index.php\/wp-json\/wp\/v2\/users\/4"}],"replies":[{"embeddable":true,"href":"https:\/\/acaregvianadocastelo.escutismo.pt\/index.php\/wp-json\/wp\/v2\/comments?post=305"}],"version-history":[{"count":37,"href":"https:\/\/acaregvianadocastelo.escutismo.pt\/index.php\/wp-json\/wp\/v2\/pages\/305\/revisions"}],"predecessor-version":[{"id":552,"href":"https:\/\/acaregvianadocastelo.escutismo.pt\/index.php\/wp-json\/wp\/v2\/pages\/305\/revisions\/552"}],"wp:attachment":[{"href":"https:\/\/acaregvianadocastelo.escutismo.pt\/index.php\/wp-json\/wp\/v2\/media?parent=305"}],"curies":[{"name":"wp","href":"https:\/\/api.w.org\/{rel}","templated":true}]}}