{"id":232,"date":"2024-06-06T09:55:18","date_gmt":"2024-06-06T09:55:18","guid":{"rendered":"https:\/\/acaregvianadocastelo.escutismo.pt\/?page_id=232"},"modified":"2024-06-12T03:14:22","modified_gmt":"2024-06-12T03:14:22","slug":"seccao-pioneiros","status":"publish","type":"page","link":"https:\/\/acaregvianadocastelo.escutismo.pt\/index.php\/seccao-pioneiros\/","title":{"rendered":"Sec\u00e7\u00e3o Pioneiros"},"content":{"rendered":"\n<div class=\"wp-block-cover aligncenter is-light\" style=\"min-height:27vw;aspect-ratio:unset;\"><span aria-hidden=\"true\" class=\"wp-block-cover__background has-background-dim-0 has-background-dim\"><\/span><img loading=\"lazy\" decoding=\"async\" width=\"1921\" height=\"495\" class=\"wp-block-cover__image-background wp-image-274\" alt=\"\" src=\"https:\/\/acaregvianadocastelo.escutismo.pt\/wp-content\/uploads\/2023\/11\/Pioneiros-1.png\" data-object-fit=\"cover\" srcset=\"https:\/\/acaregvianadocastelo.escutismo.pt\/wp-content\/uploads\/2023\/11\/Pioneiros-1.png 1921w, https:\/\/acaregvianadocastelo.escutismo.pt\/wp-content\/uploads\/2023\/11\/Pioneiros-1-300x77.png 300w, https:\/\/acaregvianadocastelo.escutismo.pt\/wp-content\/uploads\/2023\/11\/Pioneiros-1-1024x264.png 1024w, https:\/\/acaregvianadocastelo.escutismo.pt\/wp-content\/uploads\/2023\/11\/Pioneiros-1-768x198.png 768w, https:\/\/acaregvianadocastelo.escutismo.pt\/wp-content\/uploads\/2023\/11\/Pioneiros-1-1536x396.png 1536w\" sizes=\"auto, (max-width: 1921px) 100vw, 1921px\" \/><div class=\"wp-block-cover__inner-container has-global-padding is-layout-constrained wp-block-cover-is-layout-constrained\">\n<p class=\"has-text-align-center has-large-font-size\"><\/p>\n<\/div><\/div>\n\n\n\n<div class=\"wp-block-group has-global-padding is-layout-constrained wp-block-group-is-layout-constrained\">\n<h3 class=\"wp-block-heading alignwide\"><strong>Comunicados da Assembleia de Supremos<\/strong><\/h3>\n\n\n\n<div data-wp-context=\"{}\" data-wp-interactive=\"core\/query\" data-wp-key=\"1\" data-wp-router-region=\"query-1\" class=\"wp-block-query alignwide is-layout-flow wp-block-query-is-layout-flow\"><ul class=\"columns-3 alignwide wp-block-post-template is-layout-grid wp-container-core-post-template-is-layout-51eaccc0 wp-block-post-template-is-layout-grid\"><li data-wp-key=\"post-template-item-865\" class=\"wp-block-post post-865 post type-post status-publish format-standard hentry category-pioneiros\">\n<h1 style=\"font-style:normal;font-weight:600;line-height:1.3; padding-bottom:0.3rem;padding-left:0;margin-top:0px;margin-bottom:0px;margin-left:0px;margin-right:0px;\" class=\"wp-block-post-title has-text-color has-main-color has-medium-font-size\"><a href=\"https:\/\/acaregvianadocastelo.escutismo.pt\/index.php\/865\/\" target=\"_self\" >? Guardi\u00f5es da Cria\u00e7\u00e3o | Hino ACAREG&#8217;24<\/a><\/h1>\n<\/li><li data-wp-key=\"post-template-item-830\" class=\"wp-block-post post-830 post type-post status-publish format-standard hentry category-caminheiros category-dirigentes category-exploradores category-lobitos category-pioneiros\">\n<h1 style=\"font-style:normal;font-weight:600;line-height:1.3; padding-bottom:0.3rem;padding-left:0;margin-top:0px;margin-bottom:0px;margin-left:0px;margin-right:0px;\" class=\"wp-block-post-title has-text-color has-main-color has-medium-font-size\"><a href=\"https:\/\/acaregvianadocastelo.escutismo.pt\/index.php\/830\/\" target=\"_self\" >? Arcanjos | Bord\u00e3o Elementar<\/a><\/h1>\n<\/li><li data-wp-key=\"post-template-item-576\" class=\"wp-block-post post-576 post type-post status-publish format-standard hentry category-caminheiros category-dirigentes category-exploradores category-lobitos category-pioneiros\">\n<h1 style=\"font-style:normal;font-weight:600;line-height:1.3; padding-bottom:0.3rem;padding-left:0;margin-top:0px;margin-bottom:0px;margin-left:0px;margin-right:0px;\" class=\"wp-block-post-title has-text-color has-main-color has-medium-font-size\"><a href=\"https:\/\/acaregvianadocastelo.escutismo.pt\/index.php\/576\/\" target=\"_self\" >? Geral | Imagin\u00e1rio<\/a><\/h1>\n<\/li><li data-wp-key=\"post-template-item-591\" class=\"wp-block-post post-591 post type-post status-publish format-standard hentry category-caminheiros category-dirigentes category-exploradores category-lobitos category-pioneiros\">\n<h1 style=\"font-style:normal;font-weight:600;line-height:1.3; padding-bottom:0.3rem;padding-left:0;margin-top:0px;margin-bottom:0px;margin-left:0px;margin-right:0px;\" class=\"wp-block-post-title has-text-color has-main-color has-medium-font-size\"><a href=\"https:\/\/acaregvianadocastelo.escutismo.pt\/index.php\/591\/\" target=\"_self\" >? Geral | Gloss\u00e1rio<\/a><\/h1>\n<\/li><li data-wp-key=\"post-template-item-608\" class=\"wp-block-post post-608 post type-post status-publish format-standard hentry category-pioneiros\">\n<h1 style=\"font-style:normal;font-weight:600;line-height:1.3; padding-bottom:0.3rem;padding-left:0;margin-top:0px;margin-bottom:0px;margin-left:0px;margin-right:0px;\" class=\"wp-block-post-title has-text-color has-main-color has-medium-font-size\"><a href=\"https:\/\/acaregvianadocastelo.escutismo.pt\/index.php\/608\/\" target=\"_self\" >? Apzu | 1: Material Obrigat\u00f3rio<\/a><\/h1>\n<\/li><li data-wp-key=\"post-template-item-691\" class=\"wp-block-post post-691 post type-post status-publish format-standard hentry category-pioneiros\">\n<h1 style=\"font-style:normal;font-weight:600;line-height:1.3; padding-bottom:0.3rem;padding-left:0;margin-top:0px;margin-bottom:0px;margin-left:0px;margin-right:0px;\" class=\"wp-block-post-title has-text-color has-main-color has-medium-font-size\"><a href=\"https:\/\/acaregvianadocastelo.escutismo.pt\/index.php\/691\/\" target=\"_self\" >? Apzu | 2: Ideias para as Constru\u00e7\u00f5es<\/a><\/h1>\n<\/li><li data-wp-key=\"post-template-item-834\" class=\"wp-block-post post-834 post type-post status-publish format-standard hentry category-pioneiros\">\n<h1 style=\"font-style:normal;font-weight:600;line-height:1.3; padding-bottom:0.3rem;padding-left:0;margin-top:0px;margin-bottom:0px;margin-left:0px;margin-right:0px;\" class=\"wp-block-post-title has-text-color has-main-color has-medium-font-size\"><a href=\"https:\/\/acaregvianadocastelo.escutismo.pt\/index.php\/834\/\" target=\"_self\" >? Apzu | 3: Trajes de Apzu<\/a><\/h1>\n<\/li><li data-wp-key=\"post-template-item-876\" class=\"wp-block-post post-876 post type-post status-publish format-standard hentry category-pioneiros\">\n<h1 style=\"font-style:normal;font-weight:600;line-height:1.3; padding-bottom:0.3rem;padding-left:0;margin-top:0px;margin-bottom:0px;margin-left:0px;margin-right:0px;\" class=\"wp-block-post-title has-text-color has-main-color has-medium-font-size\"><a href=\"https:\/\/acaregvianadocastelo.escutismo.pt\/index.php\/876\/\" target=\"_self\" >? Apzu | 4: Atividades e Informa\u00e7\u00f5es<\/a><\/h1>\n<\/li><\/ul><\/div>\n<\/div>\n","protected":false},"excerpt":{"rendered":"<p>Comunicados da Assembleia de Supremos<\/p>\n","protected":false},"author":4,"featured_media":0,"parent":0,"menu_order":0,"comment_status":"closed","ping_status":"closed","template":"regular-page","meta":{"footnotes":""},"class_list":["post-232","page","type-page","status-publish","hentry"],"jetpack_sharing_enabled":true,"jetpack_likes_enabled":false,"_links":{"self":[{"href":"https:\/\/acaregvianadocastelo.escutismo.pt\/index.php\/wp-json\/wp\/v2\/pages\/232","targetHints":{"allow":["GET"]}}],"collection":[{"href":"https:\/\/acaregvianadocastelo.escutismo.pt\/index.php\/wp-json\/wp\/v2\/pages"}],"about":[{"href":"https:\/\/acaregvianadocastelo.escutismo.pt\/index.php\/wp-json\/wp\/v2\/types\/page"}],"author":[{"embeddable":true,"href":"https:\/\/acaregvianadocastelo.escutismo.pt\/index.php\/wp-json\/wp\/v2\/users\/4"}],"replies":[{"embeddable":true,"href":"https:\/\/acaregvianadocastelo.escutismo.pt\/index.php\/wp-json\/wp\/v2\/comments?post=232"}],"version-history":[{"count":22,"href":"https:\/\/acaregvianadocastelo.escutismo.pt\/index.php\/wp-json\/wp\/v2\/pages\/232\/revisions"}],"predecessor-version":[{"id":784,"href":"https:\/\/acaregvianadocastelo.escutismo.pt\/index.php\/wp-json\/wp\/v2\/pages\/232\/revisions\/784"}],"wp:attachment":[{"href":"https:\/\/acaregvianadocastelo.escutismo.pt\/index.php\/wp-json\/wp\/v2\/media?parent=232"}],"curies":[{"name":"wp","href":"https:\/\/api.w.org\/{rel}","templated":true}]}}